{"id":21,"date":"2024-01-02T09:52:30","date_gmt":"2024-01-02T09:52:30","guid":{"rendered":"https:\/\/apartmany.mdworks-dev.cz\/?page_id=21"},"modified":"2024-01-02T09:52:30","modified_gmt":"2024-01-02T09:52:30","slug":"about-us","status":"publish","type":"page","link":"https:\/\/befreesardinia.com\/en\/about-us\/","title":{"rendered":"About Us"},"content":{"rendered":"\n<h2 class=\"wp-block-heading\">WHY SARDINIA?<\/h2>\n\n\n\n<p>Sardinia is wild, proud, original, kind, warm, colourful, delicious and fragrant. Sardinia was love at first sight &#8222;Amore a prima vista&#8220; for us.<\/p>\n\n\n\n<p>Crystal clear sea, long sandy beaches, breathtaking massifs of mountains, cliffs, via ferrata routes, beautiful ancient cities from which history breathes upon you, the pinnacle of gastronomy both in the mountains and by the sea. This is the Sardinia we fell in love with and that is why we\u2019d like to share with you our enthusiasm for this unique island and the wonderful experiences it offers.<\/p>\n\n\n\n<p><strong>COME TO US TO TASTE THE REAL SARDINIA!<\/strong><\/p>\n","protected":false},"excerpt":{"rendered":"<p>WHY SARDINIA? Sardinia is wild, proud, original, kind, warm, colourful, delicious and fragrant. Sardinia was love at first sight &#8222;Amore a prima vista&#8220; for us. Crystal clear sea, long sandy beaches, breathtaking massifs of mountains, cliffs, via ferrata routes, beautiful ancient cities from which history breathes upon you, the pinnacle of gastronomy both in the [&hellip;]<\/p>\n","protected":false},"author":1,"featured_media":123,"parent":0,"menu_order":0,"comment_status":"closed","ping_status":"closed","template":"parts\/about-page.php","meta":{"_acf_changed":false,"inline_featured_image":false,"ngg_post_thumbnail":0,"footnotes":""},"class_list":["post-21","page","type-page","status-publish","has-post-thumbnail","hentry"],"acf":[],"yoast_head":"<!-- This site is optimized with the Yoast SEO plugin v27.5 - https:\/\/yoast.com\/product\/yoast-seo-wordpress\/ -->\n<title>About Us - BeFreeSardinia.com | EN<\/title>\n<meta name=\"robots\" content=\"index, follow, max-snippet:-1, max-image-preview:large, max-video-preview:-1\" \/>\n<link rel=\"canonical\" href=\"https:\/\/befreesardinia.com\/en\/about-us\/\" \/>\n<meta property=\"og:locale\" content=\"en_US\" \/>\n<meta property=\"og:type\" content=\"article\" \/>\n<meta property=\"og:title\" content=\"About Us - BeFreeSardinia.com | EN\" \/>\n<meta property=\"og:description\" content=\"WHY SARDINIA? Sardinia is wild, proud, original, kind, warm, colourful, delicious and fragrant. Sardinia was love at first sight &#8222;Amore a prima vista&#8220; for us. Crystal clear sea, long sandy beaches, breathtaking massifs of mountains, cliffs, via ferrata routes, beautiful ancient cities from which history breathes upon you, the pinnacle of gastronomy both in the [&hellip;]\" \/>\n<meta property=\"og:url\" content=\"https:\/\/befreesardinia.com\/en\/about-us\/\" \/>\n<meta property=\"og:site_name\" content=\"BeFreeSardinia.com | EN\" \/>\n<meta property=\"og:image\" content=\"https:\/\/befreesardinia.com\/en\/wp-content\/uploads\/sites\/3\/2024\/03\/hero.jpg\" \/>\n\t<meta property=\"og:image:width\" content=\"1608\" \/>\n\t<meta property=\"og:image:height\" content=\"566\" \/>\n\t<meta property=\"og:image:type\" content=\"image\/jpeg\" \/>\n<meta name=\"twitter:card\" content=\"summary_large_image\" \/>\n<meta name=\"twitter:label1\" content=\"Odhadovan\u00e1 doba \u010dten\u00ed\" \/>\n\t<meta name=\"twitter:data1\" content=\"1 minuta\" \/>\n<script type=\"application\/ld+json\" class=\"yoast-schema-graph\">{\"@context\":\"https:\\\/\\\/schema.org\",\"@graph\":[{\"@type\":\"WebPage\",\"@id\":\"https:\\\/\\\/befreesardinia.com\\\/en\\\/about-us\\\/\",\"url\":\"https:\\\/\\\/befreesardinia.com\\\/en\\\/about-us\\\/\",\"name\":\"About Us - BeFreeSardinia.com | EN\",\"isPartOf\":{\"@id\":\"https:\\\/\\\/befreesardinia.com\\\/en\\\/#website\"},\"primaryImageOfPage\":{\"@id\":\"https:\\\/\\\/befreesardinia.com\\\/en\\\/about-us\\\/#primaryimage\"},\"image\":{\"@id\":\"https:\\\/\\\/befreesardinia.com\\\/en\\\/about-us\\\/#primaryimage\"},\"thumbnailUrl\":\"https:\\\/\\\/befreesardinia.com\\\/en\\\/wp-content\\\/uploads\\\/sites\\\/3\\\/2024\\\/03\\\/hero.jpg\",\"datePublished\":\"2024-01-02T09:52:30+00:00\",\"breadcrumb\":{\"@id\":\"https:\\\/\\\/befreesardinia.com\\\/en\\\/about-us\\\/#breadcrumb\"},\"inLanguage\":\"cs\",\"potentialAction\":[{\"@type\":\"ReadAction\",\"target\":[\"https:\\\/\\\/befreesardinia.com\\\/en\\\/about-us\\\/\"]}]},{\"@type\":\"ImageObject\",\"inLanguage\":\"cs\",\"@id\":\"https:\\\/\\\/befreesardinia.com\\\/en\\\/about-us\\\/#primaryimage\",\"url\":\"https:\\\/\\\/befreesardinia.com\\\/en\\\/wp-content\\\/uploads\\\/sites\\\/3\\\/2024\\\/03\\\/hero.jpg\",\"contentUrl\":\"https:\\\/\\\/befreesardinia.com\\\/en\\\/wp-content\\\/uploads\\\/sites\\\/3\\\/2024\\\/03\\\/hero.jpg\",\"width\":1608,\"height\":566},{\"@type\":\"BreadcrumbList\",\"@id\":\"https:\\\/\\\/befreesardinia.com\\\/en\\\/about-us\\\/#breadcrumb\",\"itemListElement\":[{\"@type\":\"ListItem\",\"position\":1,\"name\":\"Dom\u016f\",\"item\":\"https:\\\/\\\/befreesardinia.com\\\/en\\\/\"},{\"@type\":\"ListItem\",\"position\":2,\"name\":\"About Us\"}]},{\"@type\":\"WebSite\",\"@id\":\"https:\\\/\\\/befreesardinia.com\\\/en\\\/#website\",\"url\":\"https:\\\/\\\/befreesardinia.com\\\/en\\\/\",\"name\":\"befreesardinia.com - EN\",\"description\":\"\",\"potentialAction\":[{\"@type\":\"SearchAction\",\"target\":{\"@type\":\"EntryPoint\",\"urlTemplate\":\"https:\\\/\\\/befreesardinia.com\\\/en\\\/?s={search_term_string}\"},\"query-input\":{\"@type\":\"PropertyValueSpecification\",\"valueRequired\":true,\"valueName\":\"search_term_string\"}}],\"inLanguage\":\"cs\"}]}<\/script>\n<!-- \/ Yoast SEO plugin. -->","yoast_head_json":{"title":"About Us - BeFreeSardinia.com | EN","robots":{"index":"index","follow":"follow","max-snippet":"max-snippet:-1","max-image-preview":"max-image-preview:large","max-video-preview":"max-video-preview:-1"},"canonical":"https:\/\/befreesardinia.com\/en\/about-us\/","og_locale":"en_US","og_type":"article","og_title":"About Us - BeFreeSardinia.com | EN","og_description":"WHY SARDINIA? Sardinia is wild, proud, original, kind, warm, colourful, delicious and fragrant. Sardinia was love at first sight &#8222;Amore a prima vista&#8220; for us. Crystal clear sea, long sandy beaches, breathtaking massifs of mountains, cliffs, via ferrata routes, beautiful ancient cities from which history breathes upon you, the pinnacle of gastronomy both in the [&hellip;]","og_url":"https:\/\/befreesardinia.com\/en\/about-us\/","og_site_name":"BeFreeSardinia.com | EN","og_image":[{"width":1608,"height":566,"url":"https:\/\/befreesardinia.com\/en\/wp-content\/uploads\/sites\/3\/2024\/03\/hero.jpg","type":"image\/jpeg"}],"twitter_card":"summary_large_image","twitter_misc":{"Odhadovan\u00e1 doba \u010dten\u00ed":"1 minuta"},"schema":{"@context":"https:\/\/schema.org","@graph":[{"@type":"WebPage","@id":"https:\/\/befreesardinia.com\/en\/about-us\/","url":"https:\/\/befreesardinia.com\/en\/about-us\/","name":"About Us - BeFreeSardinia.com | EN","isPartOf":{"@id":"https:\/\/befreesardinia.com\/en\/#website"},"primaryImageOfPage":{"@id":"https:\/\/befreesardinia.com\/en\/about-us\/#primaryimage"},"image":{"@id":"https:\/\/befreesardinia.com\/en\/about-us\/#primaryimage"},"thumbnailUrl":"https:\/\/befreesardinia.com\/en\/wp-content\/uploads\/sites\/3\/2024\/03\/hero.jpg","datePublished":"2024-01-02T09:52:30+00:00","breadcrumb":{"@id":"https:\/\/befreesardinia.com\/en\/about-us\/#breadcrumb"},"inLanguage":"cs","potentialAction":[{"@type":"ReadAction","target":["https:\/\/befreesardinia.com\/en\/about-us\/"]}]},{"@type":"ImageObject","inLanguage":"cs","@id":"https:\/\/befreesardinia.com\/en\/about-us\/#primaryimage","url":"https:\/\/befreesardinia.com\/en\/wp-content\/uploads\/sites\/3\/2024\/03\/hero.jpg","contentUrl":"https:\/\/befreesardinia.com\/en\/wp-content\/uploads\/sites\/3\/2024\/03\/hero.jpg","width":1608,"height":566},{"@type":"BreadcrumbList","@id":"https:\/\/befreesardinia.com\/en\/about-us\/#breadcrumb","itemListElement":[{"@type":"ListItem","position":1,"name":"Dom\u016f","item":"https:\/\/befreesardinia.com\/en\/"},{"@type":"ListItem","position":2,"name":"About Us"}]},{"@type":"WebSite","@id":"https:\/\/befreesardinia.com\/en\/#website","url":"https:\/\/befreesardinia.com\/en\/","name":"befreesardinia.com - EN","description":"","potentialAction":[{"@type":"SearchAction","target":{"@type":"EntryPoint","urlTemplate":"https:\/\/befreesardinia.com\/en\/?s={search_term_string}"},"query-input":{"@type":"PropertyValueSpecification","valueRequired":true,"valueName":"search_term_string"}}],"inLanguage":"cs"}]}},"_links":{"self":[{"href":"https:\/\/befreesardinia.com\/en\/wp-json\/wp\/v2\/pages\/21","targetHints":{"allow":["GET"]}}],"collection":[{"href":"https:\/\/befreesardinia.com\/en\/wp-json\/wp\/v2\/pages"}],"about":[{"href":"https:\/\/befreesardinia.com\/en\/wp-json\/wp\/v2\/types\/page"}],"author":[{"embeddable":true,"href":"https:\/\/befreesardinia.com\/en\/wp-json\/wp\/v2\/users\/1"}],"replies":[{"embeddable":true,"href":"https:\/\/befreesardinia.com\/en\/wp-json\/wp\/v2\/comments?post=21"}],"version-history":[{"count":0,"href":"https:\/\/befreesardinia.com\/en\/wp-json\/wp\/v2\/pages\/21\/revisions"}],"wp:featuredmedia":[{"embeddable":true,"href":"https:\/\/befreesardinia.com\/en\/wp-json\/wp\/v2\/media\/123"}],"wp:attachment":[{"href":"https:\/\/befreesardinia.com\/en\/wp-json\/wp\/v2\/media?parent=21"}],"curies":[{"name":"wp","href":"https:\/\/api.w.org\/{rel}","templated":true}]}}