{"id":286,"date":"2024-08-16T23:17:26","date_gmt":"2024-08-16T21:17:26","guid":{"rendered":"https:\/\/befreesardinia.com\/en\/?page_id=286"},"modified":"2025-08-11T14:33:34","modified_gmt":"2025-08-11T12:33:34","slug":"apartment-laciaccia-2","status":"publish","type":"page","link":"https:\/\/befreesardinia.com\/en\/apartment-laciaccia-2\/","title":{"rendered":"Apartment La Ciaccia 2"},"content":{"rendered":"\nngg_shortcode_0_placeholder\n","protected":false},"excerpt":{"rendered":"","protected":false},"author":2,"featured_media":0,"parent":0,"menu_order":0,"comment_status":"closed","ping_status":"closed","template":"parts\/apartman-page.php","meta":{"_acf_changed":false,"inline_featured_image":false,"ngg_post_thumbnail":0,"footnotes":""},"class_list":["post-286","page","type-page","status-publish","hentry"],"acf":[],"yoast_head":"<!-- This site is optimized with the Yoast SEO plugin v27.5 - https:\/\/yoast.com\/product\/yoast-seo-wordpress\/ -->\n<title>Apartment La Ciaccia 2 - BeFreeSardinia.com | EN<\/title>\n<meta name=\"robots\" content=\"index, follow, max-snippet:-1, max-image-preview:large, max-video-preview:-1\" \/>\n<link rel=\"canonical\" href=\"https:\/\/befreesardinia.com\/en\/apartment-laciaccia-2\/\" \/>\n<meta property=\"og:locale\" content=\"en_US\" \/>\n<meta property=\"og:type\" content=\"article\" \/>\n<meta property=\"og:title\" content=\"Apartment La Ciaccia 2 - BeFreeSardinia.com | EN\" \/>\n<meta property=\"og:url\" content=\"https:\/\/befreesardinia.com\/en\/apartment-laciaccia-2\/\" \/>\n<meta property=\"og:site_name\" content=\"BeFreeSardinia.com | EN\" \/>\n<meta property=\"article:modified_time\" content=\"2025-08-11T12:33:34+00:00\" \/>\n<meta name=\"twitter:card\" content=\"summary_large_image\" \/>\n<meta name=\"twitter:label1\" content=\"Odhadovan\u00e1 doba \u010dten\u00ed\" \/>\n\t<meta name=\"twitter:data1\" content=\"1 minuta\" \/>\n<script type=\"application\/ld+json\" class=\"yoast-schema-graph\">{\"@context\":\"https:\\\/\\\/schema.org\",\"@graph\":[{\"@type\":\"WebPage\",\"@id\":\"https:\\\/\\\/befreesardinia.com\\\/en\\\/apartment-laciaccia-2\\\/\",\"url\":\"https:\\\/\\\/befreesardinia.com\\\/en\\\/apartment-laciaccia-2\\\/\",\"name\":\"Apartment La Ciaccia 2 - BeFreeSardinia.com | EN\",\"isPartOf\":{\"@id\":\"https:\\\/\\\/befreesardinia.com\\\/en\\\/#website\"},\"datePublished\":\"2024-08-16T21:17:26+00:00\",\"dateModified\":\"2025-08-11T12:33:34+00:00\",\"breadcrumb\":{\"@id\":\"https:\\\/\\\/befreesardinia.com\\\/en\\\/apartment-laciaccia-2\\\/#breadcrumb\"},\"inLanguage\":\"cs\",\"potentialAction\":[{\"@type\":\"ReadAction\",\"target\":[\"https:\\\/\\\/befreesardinia.com\\\/en\\\/apartment-laciaccia-2\\\/\"]}]},{\"@type\":\"BreadcrumbList\",\"@id\":\"https:\\\/\\\/befreesardinia.com\\\/en\\\/apartment-laciaccia-2\\\/#breadcrumb\",\"itemListElement\":[{\"@type\":\"ListItem\",\"position\":1,\"name\":\"Dom\u016f\",\"item\":\"https:\\\/\\\/befreesardinia.com\\\/en\\\/\"},{\"@type\":\"ListItem\",\"position\":2,\"name\":\"Apartment La Ciaccia 2\"}]},{\"@type\":\"WebSite\",\"@id\":\"https:\\\/\\\/befreesardinia.com\\\/en\\\/#website\",\"url\":\"https:\\\/\\\/befreesardinia.com\\\/en\\\/\",\"name\":\"befreesardinia.com - EN\",\"description\":\"\",\"potentialAction\":[{\"@type\":\"SearchAction\",\"target\":{\"@type\":\"EntryPoint\",\"urlTemplate\":\"https:\\\/\\\/befreesardinia.com\\\/en\\\/?s={search_term_string}\"},\"query-input\":{\"@type\":\"PropertyValueSpecification\",\"valueRequired\":true,\"valueName\":\"search_term_string\"}}],\"inLanguage\":\"cs\"}]}<\/script>\n<!-- \/ Yoast SEO plugin. -->","yoast_head_json":{"title":"Apartment La Ciaccia 2 - BeFreeSardinia.com | EN","robots":{"index":"index","follow":"follow","max-snippet":"max-snippet:-1","max-image-preview":"max-image-preview:large","max-video-preview":"max-video-preview:-1"},"canonical":"https:\/\/befreesardinia.com\/en\/apartment-laciaccia-2\/","og_locale":"en_US","og_type":"article","og_title":"Apartment La Ciaccia 2 - BeFreeSardinia.com | EN","og_url":"https:\/\/befreesardinia.com\/en\/apartment-laciaccia-2\/","og_site_name":"BeFreeSardinia.com | EN","article_modified_time":"2025-08-11T12:33:34+00:00","twitter_card":"summary_large_image","twitter_misc":{"Odhadovan\u00e1 doba \u010dten\u00ed":"1 minuta"},"schema":{"@context":"https:\/\/schema.org","@graph":[{"@type":"WebPage","@id":"https:\/\/befreesardinia.com\/en\/apartment-laciaccia-2\/","url":"https:\/\/befreesardinia.com\/en\/apartment-laciaccia-2\/","name":"Apartment La Ciaccia 2 - BeFreeSardinia.com | EN","isPartOf":{"@id":"https:\/\/befreesardinia.com\/en\/#website"},"datePublished":"2024-08-16T21:17:26+00:00","dateModified":"2025-08-11T12:33:34+00:00","breadcrumb":{"@id":"https:\/\/befreesardinia.com\/en\/apartment-laciaccia-2\/#breadcrumb"},"inLanguage":"cs","potentialAction":[{"@type":"ReadAction","target":["https:\/\/befreesardinia.com\/en\/apartment-laciaccia-2\/"]}]},{"@type":"BreadcrumbList","@id":"https:\/\/befreesardinia.com\/en\/apartment-laciaccia-2\/#breadcrumb","itemListElement":[{"@type":"ListItem","position":1,"name":"Dom\u016f","item":"https:\/\/befreesardinia.com\/en\/"},{"@type":"ListItem","position":2,"name":"Apartment La Ciaccia 2"}]},{"@type":"WebSite","@id":"https:\/\/befreesardinia.com\/en\/#website","url":"https:\/\/befreesardinia.com\/en\/","name":"befreesardinia.com - EN","description":"","potentialAction":[{"@type":"SearchAction","target":{"@type":"EntryPoint","urlTemplate":"https:\/\/befreesardinia.com\/en\/?s={search_term_string}"},"query-input":{"@type":"PropertyValueSpecification","valueRequired":true,"valueName":"search_term_string"}}],"inLanguage":"cs"}]}},"_links":{"self":[{"href":"https:\/\/befreesardinia.com\/en\/wp-json\/wp\/v2\/pages\/286","targetHints":{"allow":["GET"]}}],"collection":[{"href":"https:\/\/befreesardinia.com\/en\/wp-json\/wp\/v2\/pages"}],"about":[{"href":"https:\/\/befreesardinia.com\/en\/wp-json\/wp\/v2\/types\/page"}],"author":[{"embeddable":true,"href":"https:\/\/befreesardinia.com\/en\/wp-json\/wp\/v2\/users\/2"}],"replies":[{"embeddable":true,"href":"https:\/\/befreesardinia.com\/en\/wp-json\/wp\/v2\/comments?post=286"}],"version-history":[{"count":4,"href":"https:\/\/befreesardinia.com\/en\/wp-json\/wp\/v2\/pages\/286\/revisions"}],"predecessor-version":[{"id":305,"href":"https:\/\/befreesardinia.com\/en\/wp-json\/wp\/v2\/pages\/286\/revisions\/305"}],"wp:attachment":[{"href":"https:\/\/befreesardinia.com\/en\/wp-json\/wp\/v2\/media?parent=286"}],"curies":[{"name":"wp","href":"https:\/\/api.w.org\/{rel}","templated":true}]}}