{"id":108,"date":"2024-03-20T11:13:54","date_gmt":"2024-03-20T10:13:54","guid":{"rendered":"https:\/\/apartmany.mdworks-dev.cz\/en\/?page_id=108"},"modified":"2025-10-31T11:04:22","modified_gmt":"2025-10-31T10:04:22","slug":"termini-e-condizioni-duso-del-sito-web","status":"publish","type":"page","link":"https:\/\/befreesardinia.com\/it\/termini-e-condizioni-duso-del-sito-web\/","title":{"rendered":"Termini e condizioni d\u2019uso del sito web"},"content":{"rendered":"\n<p><strong>Disposizioni generali<\/strong><\/p>\n\n\n\n<p>Il gestore del sito web <a href=\"http:\/\/www.befreesardinia.com\/\">www.befreesardinia.com<\/a> \u00e8 la societ\u00e0 <strong>NEW AGE Risks s.r.o.<\/strong>, con sede legale in \u0160afa\u0159\u00edkovy sady 2774\/7, 301 00 Plze\u0148 (di seguito denominata \u201cbefreesardinia\u201d), che, in conformit\u00e0 alla Legge n. 121\/2000 Coll., Legge sul diritto d\u2019autore e successive modifiche, \u00e8 autorizzata a esercitare i diritti patrimoniali relativi a questo sito web.<\/p>\n\n\n\n<p>Il Gestore detiene tutti i diritti derivanti dalla licenza ai sensi della Legge sul diritto d\u2019autore riguardo al contenuto del sito, compresi il testo e il suo design, i disegni tecnici, la grafica, tutte le immagini presenti su questo sito, nonch\u00e9 la selezione e la disposizione dei file in esso contenuti.<\/p>\n\n\n\n<p>Il Gestore emana i presenti termini e condizioni per l\u2019utilizzo del sito web <a href=\"http:\/\/www.befreesardinia.com\/\">www.befreesardinia.com<\/a> (di seguito denominati \u201cTermini e Condizioni\u201d). Il sito web <a href=\"http:\/\/www.befreesardinia.com\/\">www.befreesardinia.com<\/a> \u00e8 accessibile pubblicamente e gratuitamente, e il suo utilizzo \u00e8 regolato dai presenti Termini e Condizioni.<\/p>\n\n\n\n<p><strong>Modalit\u00e0 di utilizzo<\/strong><\/p>\n\n\n\n<p>Durante l\u2019utilizzo del sito web <a href=\"http:\/\/www.befreesardinia.com\/\">www.befreesardinia.com<\/a>, l\u2019Utente si impegna a rispettare le normative vigenti nella Repubblica Ceca, le buone consuetudini e i presenti Termini e Condizioni, e a non danneggiare in alcun modo la reputazione del Gestore o degli altri utenti.<\/p>\n\n\n\n<p>In particolare, l\u2019Utente si impegna a non:<\/p>\n\n\n\n<p>diffondere su questo sito messaggi o materiali che violino le leggi della Repubblica Ceca..<\/p>\n\n\n\n<p>interferire con la sicurezza, la struttura tecnica o il contenuto del sito <a href=\"http:\/\/www.befreesardinia.com\/\">www.befreesardinia.com<\/a> o utilizzarlo in modo improprio;<\/p>\n\n\n\n<p>ostacolare l\u2019uso di questo sito da parte di altri utenti;<\/p>\n\n\n\n<p>utilizzare il sito per inviare messaggi indesiderati (spam) o catene di messaggi;<\/p>\n\n\n\n<p>inviare a questo sito messaggi contenenti virus o qualsiasi programma pericoloso o dannoso;<\/p>\n\n\n\n<p>creare messaggi falsi al fine di mascherare l\u2019identit\u00e0 del mittente o tentare di accedere al sito a nome di altri utenti;<\/p>\n\n\n\n<p>cercare di accedere a quelle parti del sito <a href=\"http:\/\/www.befreesardinia.com\/\">www.befreesardinia.com<\/a> che sono escluse dall\u2019uso pubblico;<\/p>\n\n\n\n<p><strong>Limitazione della responsabilit\u00e0 del Gestore<\/strong><\/p>\n\n\n\n<p>Il contenuto del sito web <a href=\"http:\/\/www.befreesardinia.com\/\">www.befreesardinia.com<\/a> ha scopo puramente informativo e non vincolante. Il Gestore non garantisce l\u2019esattezza e la completezza delle informazioni presenti su questo sito. La pubblicazione di qualsiasi dato o informazione su questo sito web, ad eccezione dei presenti Termini e Condizioni, non costituisce un atto giuridico volto a stabilire un rapporto legale tra il Gestore e l\u2019Utente, salvo diversa indicazione espressa in casi specifici.<\/p>\n\n\n\n<p>Il Gestore pu\u00f2 modificare in qualsiasi momento le informazioni contenute su questo sito web senza preavviso.<\/p>\n\n\n\n<p>Il Gestore non \u00e8 responsabile per eventuali danni che possano derivare agli utenti in relazione all\u2019utilizzo del sito <a href=\"http:\/\/www.befreesardinia.com\/\">www.befreesardinia.com<\/a>.<\/p>\n\n\n\n<p>Il Gestore non \u00e8 inoltre responsabile per la pubblicit\u00e0 o qualsiasi altra forma di promozione realizzata da terze parti tramite il sito <a href=\"http:\/\/www.befreesardinia.com\/\">www.befreesardinia.com<\/a>.<\/p>\n\n\n\n<p>Infine, il Gestore non \u00e8 responsabile del contenuto dei siti web di terzi che possono essere visitati tramite collegamenti presenti sul sito <a href=\"http:\/\/www.befreesardinia.com\/\">www.befreesardinia.com<\/a>.<\/p>\n\n\n\n<p><strong>Collegamenti a questo sito web<\/strong><\/p>\n\n\n\n<p>Poich\u00e9 riteniamo utili i collegamenti, consentiamo di creare link a questo sito web da altri siti. Salvo diversa indicazione espressa, quando fornite a qualcuno un link a questo sito web, dovete rispettare le seguenti condizioni e tutte le leggi applicabili:<\/p>\n\n\n\n<p>i siti web che rimandano a questo sito devono contenere esclusivamente contenuti adatti a tutte le fasce d\u2019et\u00e0.<\/p>\n\n\n\n<p>potete creare collegamenti ai materiali, ma non potete copiarli;<\/p>\n\n\n\n<p>non dovete creare l\u2019apparenza che il Gestore fornisca patrocinio o sia affiliato a un sito web che rimanda a questo sito o ai prodotti, servizi o contenuti disponibili tramite tale sito;<\/p>\n\n\n\n<p>non dovete rappresentare in modo errato il vostro rapporto con il Gestore;<\/p>\n\n\n\n<p>non dovete fornire informazioni false o fuorvianti sul Gestore o sui suoi prodotti e servizi;<\/p>\n\n\n\n<p>i siti web che rimandano a questo sito non devono contenere contenuti offensivi, controversi o contrari al buon gusto;<\/p>\n\n\n\n<p><strong>Comunicazioni elettroniche<\/strong><\/p>\n\n\n\n<p>Quando visitate questo sito web o inviate e-mail al Gestore, comunicate con lui per via elettronica. Potremo rispondervi tramite e-mail o pubblicando avvisi su questo sito web. Accettate che tutti gli avvisi, dichiarazioni e altre comunicazioni fornitevi elettronicamente dal Gestore soddisfino qualsiasi requisito legale che richieda la forma scritta di tali comunicazioni.<\/p>\n\n\n\n<p><\/p>\n","protected":false},"excerpt":{"rendered":"<p>Disposizioni generali Il gestore del sito web www.befreesardinia.com \u00e8 la societ\u00e0 NEW AGE Risks s.r.o., con sede legale in \u0160afa\u0159\u00edkovy sady 2774\/7, 301 00 Plze\u0148 (di seguito denominata \u201cbefreesardinia\u201d), che, in conformit\u00e0 alla Legge n. 121\/2000 Coll., Legge sul diritto d\u2019autore e successive modifiche, \u00e8 autorizzata a esercitare i diritti patrimoniali relativi a questo sito [&hellip;]<\/p>\n","protected":false},"author":1,"featured_media":0,"parent":0,"menu_order":0,"comment_status":"closed","ping_status":"closed","template":"","meta":{"_acf_changed":false,"inline_featured_image":false,"ngg_post_thumbnail":0,"footnotes":""},"class_list":["post-108","page","type-page","status-publish","hentry"],"acf":[],"yoast_head":"<!-- This site is optimized with the Yoast SEO plugin v27.5 - https:\/\/yoast.com\/product\/yoast-seo-wordpress\/ -->\n<title>Termini e condizioni d\u2019uso del sito web - BeFreeSardinia.com | IT<\/title>\n<meta name=\"robots\" content=\"index, follow, max-snippet:-1, max-image-preview:large, max-video-preview:-1\" \/>\n<link rel=\"canonical\" href=\"https:\/\/befreesardinia.com\/it\/termini-e-condizioni-duso-del-sito-web\/\" \/>\n<meta property=\"og:locale\" content=\"it_IT\" \/>\n<meta property=\"og:type\" content=\"article\" \/>\n<meta property=\"og:title\" content=\"Termini e condizioni d\u2019uso del sito web - BeFreeSardinia.com | IT\" \/>\n<meta property=\"og:description\" content=\"Disposizioni generali Il gestore del sito web www.befreesardinia.com \u00e8 la societ\u00e0 NEW AGE Risks s.r.o., con sede legale in \u0160afa\u0159\u00edkovy sady 2774\/7, 301 00 Plze\u0148 (di seguito denominata \u201cbefreesardinia\u201d), che, in conformit\u00e0 alla Legge n. 121\/2000 Coll., Legge sul diritto d\u2019autore e successive modifiche, \u00e8 autorizzata a esercitare i diritti patrimoniali relativi a questo sito [&hellip;]\" \/>\n<meta property=\"og:url\" content=\"https:\/\/befreesardinia.com\/it\/termini-e-condizioni-duso-del-sito-web\/\" \/>\n<meta property=\"og:site_name\" content=\"BefreeSardinia\" \/>\n<meta property=\"article:modified_time\" content=\"2025-10-31T10:04:22+00:00\" \/>\n<meta name=\"twitter:card\" content=\"summary_large_image\" \/>\n<meta name=\"twitter:label1\" content=\"Tempo di lettura stimato\" \/>\n\t<meta name=\"twitter:data1\" content=\"4 minuti\" \/>\n<script type=\"application\/ld+json\" class=\"yoast-schema-graph\">{\"@context\":\"https:\\\/\\\/schema.org\",\"@graph\":[{\"@type\":\"WebPage\",\"@id\":\"https:\\\/\\\/befreesardinia.com\\\/it\\\/termini-e-condizioni-duso-del-sito-web\\\/\",\"url\":\"https:\\\/\\\/befreesardinia.com\\\/it\\\/termini-e-condizioni-duso-del-sito-web\\\/\",\"name\":\"Termini e condizioni d\u2019uso del sito web - BeFreeSardinia.com | IT\",\"isPartOf\":{\"@id\":\"https:\\\/\\\/befreesardinia.com\\\/it\\\/#website\"},\"datePublished\":\"2024-03-20T10:13:54+00:00\",\"dateModified\":\"2025-10-31T10:04:22+00:00\",\"breadcrumb\":{\"@id\":\"https:\\\/\\\/befreesardinia.com\\\/it\\\/termini-e-condizioni-duso-del-sito-web\\\/#breadcrumb\"},\"inLanguage\":\"it-IT\",\"potentialAction\":[{\"@type\":\"ReadAction\",\"target\":[\"https:\\\/\\\/befreesardinia.com\\\/it\\\/termini-e-condizioni-duso-del-sito-web\\\/\"]}]},{\"@type\":\"BreadcrumbList\",\"@id\":\"https:\\\/\\\/befreesardinia.com\\\/it\\\/termini-e-condizioni-duso-del-sito-web\\\/#breadcrumb\",\"itemListElement\":[{\"@type\":\"ListItem\",\"position\":1,\"name\":\"Dom\u016f\",\"item\":\"https:\\\/\\\/befreesardinia.com\\\/it\\\/\"},{\"@type\":\"ListItem\",\"position\":2,\"name\":\"Termini e condizioni d\u2019uso del sito web\"}]},{\"@type\":\"WebSite\",\"@id\":\"https:\\\/\\\/befreesardinia.com\\\/it\\\/#website\",\"url\":\"https:\\\/\\\/befreesardinia.com\\\/it\\\/\",\"name\":\"BeFreeSardinia.com | CZ\",\"description\":\"\",\"publisher\":{\"@id\":\"https:\\\/\\\/befreesardinia.com\\\/it\\\/#organization\"},\"potentialAction\":[{\"@type\":\"SearchAction\",\"target\":{\"@type\":\"EntryPoint\",\"urlTemplate\":\"https:\\\/\\\/befreesardinia.com\\\/it\\\/?s={search_term_string}\"},\"query-input\":{\"@type\":\"PropertyValueSpecification\",\"valueRequired\":true,\"valueName\":\"search_term_string\"}}],\"inLanguage\":\"it-IT\"},{\"@type\":\"Organization\",\"@id\":\"https:\\\/\\\/befreesardinia.com\\\/it\\\/#organization\",\"name\":\"BeFreeSardinia.com | CZ\",\"url\":\"https:\\\/\\\/befreesardinia.com\\\/it\\\/\",\"logo\":{\"@type\":\"ImageObject\",\"inLanguage\":\"it-IT\",\"@id\":\"https:\\\/\\\/befreesardinia.com\\\/it\\\/#\\\/schema\\\/logo\\\/image\\\/\",\"url\":\"https:\\\/\\\/befreesardinia.com\\\/it\\\/wp-content\\\/uploads\\\/sites\\\/4\\\/2025\\\/10\\\/logo_footer.png\",\"contentUrl\":\"https:\\\/\\\/befreesardinia.com\\\/it\\\/wp-content\\\/uploads\\\/sites\\\/4\\\/2025\\\/10\\\/logo_footer.png\",\"width\":94,\"height\":94,\"caption\":\"BeFreeSardinia.com | CZ\"},\"image\":{\"@id\":\"https:\\\/\\\/befreesardinia.com\\\/it\\\/#\\\/schema\\\/logo\\\/image\\\/\"}}]}<\/script>\n<!-- \/ Yoast SEO plugin. -->","yoast_head_json":{"title":"Termini e condizioni d\u2019uso del sito web - BeFreeSardinia.com | IT","robots":{"index":"index","follow":"follow","max-snippet":"max-snippet:-1","max-image-preview":"max-image-preview:large","max-video-preview":"max-video-preview:-1"},"canonical":"https:\/\/befreesardinia.com\/it\/termini-e-condizioni-duso-del-sito-web\/","og_locale":"it_IT","og_type":"article","og_title":"Termini e condizioni d\u2019uso del sito web - BeFreeSardinia.com | IT","og_description":"Disposizioni generali Il gestore del sito web www.befreesardinia.com \u00e8 la societ\u00e0 NEW AGE Risks s.r.o., con sede legale in \u0160afa\u0159\u00edkovy sady 2774\/7, 301 00 Plze\u0148 (di seguito denominata \u201cbefreesardinia\u201d), che, in conformit\u00e0 alla Legge n. 121\/2000 Coll., Legge sul diritto d\u2019autore e successive modifiche, \u00e8 autorizzata a esercitare i diritti patrimoniali relativi a questo sito [&hellip;]","og_url":"https:\/\/befreesardinia.com\/it\/termini-e-condizioni-duso-del-sito-web\/","og_site_name":"BefreeSardinia","article_modified_time":"2025-10-31T10:04:22+00:00","twitter_card":"summary_large_image","twitter_misc":{"Tempo di lettura stimato":"4 minuti"},"schema":{"@context":"https:\/\/schema.org","@graph":[{"@type":"WebPage","@id":"https:\/\/befreesardinia.com\/it\/termini-e-condizioni-duso-del-sito-web\/","url":"https:\/\/befreesardinia.com\/it\/termini-e-condizioni-duso-del-sito-web\/","name":"Termini e condizioni d\u2019uso del sito web - BeFreeSardinia.com | IT","isPartOf":{"@id":"https:\/\/befreesardinia.com\/it\/#website"},"datePublished":"2024-03-20T10:13:54+00:00","dateModified":"2025-10-31T10:04:22+00:00","breadcrumb":{"@id":"https:\/\/befreesardinia.com\/it\/termini-e-condizioni-duso-del-sito-web\/#breadcrumb"},"inLanguage":"it-IT","potentialAction":[{"@type":"ReadAction","target":["https:\/\/befreesardinia.com\/it\/termini-e-condizioni-duso-del-sito-web\/"]}]},{"@type":"BreadcrumbList","@id":"https:\/\/befreesardinia.com\/it\/termini-e-condizioni-duso-del-sito-web\/#breadcrumb","itemListElement":[{"@type":"ListItem","position":1,"name":"Dom\u016f","item":"https:\/\/befreesardinia.com\/it\/"},{"@type":"ListItem","position":2,"name":"Termini e condizioni d\u2019uso del sito web"}]},{"@type":"WebSite","@id":"https:\/\/befreesardinia.com\/it\/#website","url":"https:\/\/befreesardinia.com\/it\/","name":"BeFreeSardinia.com | CZ","description":"","publisher":{"@id":"https:\/\/befreesardinia.com\/it\/#organization"},"potentialAction":[{"@type":"SearchAction","target":{"@type":"EntryPoint","urlTemplate":"https:\/\/befreesardinia.com\/it\/?s={search_term_string}"},"query-input":{"@type":"PropertyValueSpecification","valueRequired":true,"valueName":"search_term_string"}}],"inLanguage":"it-IT"},{"@type":"Organization","@id":"https:\/\/befreesardinia.com\/it\/#organization","name":"BeFreeSardinia.com | CZ","url":"https:\/\/befreesardinia.com\/it\/","logo":{"@type":"ImageObject","inLanguage":"it-IT","@id":"https:\/\/befreesardinia.com\/it\/#\/schema\/logo\/image\/","url":"https:\/\/befreesardinia.com\/it\/wp-content\/uploads\/sites\/4\/2025\/10\/logo_footer.png","contentUrl":"https:\/\/befreesardinia.com\/it\/wp-content\/uploads\/sites\/4\/2025\/10\/logo_footer.png","width":94,"height":94,"caption":"BeFreeSardinia.com | CZ"},"image":{"@id":"https:\/\/befreesardinia.com\/it\/#\/schema\/logo\/image\/"}}]}},"_links":{"self":[{"href":"https:\/\/befreesardinia.com\/it\/wp-json\/wp\/v2\/pages\/108","targetHints":{"allow":["GET"]}}],"collection":[{"href":"https:\/\/befreesardinia.com\/it\/wp-json\/wp\/v2\/pages"}],"about":[{"href":"https:\/\/befreesardinia.com\/it\/wp-json\/wp\/v2\/types\/page"}],"author":[{"embeddable":true,"href":"https:\/\/befreesardinia.com\/it\/wp-json\/wp\/v2\/users\/1"}],"replies":[{"embeddable":true,"href":"https:\/\/befreesardinia.com\/it\/wp-json\/wp\/v2\/comments?post=108"}],"version-history":[{"count":1,"href":"https:\/\/befreesardinia.com\/it\/wp-json\/wp\/v2\/pages\/108\/revisions"}],"predecessor-version":[{"id":339,"href":"https:\/\/befreesardinia.com\/it\/wp-json\/wp\/v2\/pages\/108\/revisions\/339"}],"wp:attachment":[{"href":"https:\/\/befreesardinia.com\/it\/wp-json\/wp\/v2\/media?parent=108"}],"curies":[{"name":"wp","href":"https:\/\/api.w.org\/{rel}","templated":true}]}}