{"id":111,"date":"2024-03-20T11:15:00","date_gmt":"2024-03-20T10:15:00","guid":{"rendered":"https:\/\/apartmany.mdworks-dev.cz\/en\/?page_id=111"},"modified":"2025-10-31T11:20:08","modified_gmt":"2025-10-31T10:20:08","slug":"protezione-dei-dati-personali","status":"publish","type":"page","link":"https:\/\/befreesardinia.com\/it\/protezione-dei-dati-personali\/","title":{"rendered":"Protezione dei dati personali"},"content":{"rendered":"\n<p>L\u2019accesso al sito web <a href=\"http:\/\/www.befreesardinia.com\/\">www.befreesardinia.com<\/a> o ad alcuni dei servizi forniti dal Gestore su questo sito pu\u00f2 essere totalmente o parzialmente subordinato al conferimento di determinati dati personali dell\u2019utente, ai sensi della normativa vigente, sia con il consenso dell\u2019utente sia sulla base di un\u2019altra base giuridica.<\/p>\n\n\n\n<p>Il titolare del trattamento dei dati personali \u00e8 <strong>NEW AGE RISKS s.r.o.<\/strong>, con sede legale in \u0160afa\u0159\u00edkovy sady 2774\/7, 301 00 Plze\u0148, iscritta nel Registro delle Imprese tenuto presso il Tribunale Regionale di Plze\u0148, numero di fascicolo C 33935\/KSPl (di seguito \u201cbefreesardinia\u201d o il \u201cGestore\u201d).<\/p>\n\n\n\n<p>Nel caso del sito web <a href=\"http:\/\/www.befreesardinia.com\/\">www.befreesardinia.com<\/a>, si tratta di cookie e dei seguenti dati personali forniti dall\u2019utente al momento della compilazione del modulo di contatto: nome, cognome, indirizzo e-mail e numero di telefono.<\/p>\n\n\n\n<p>Il Gestore si impegna a trattare tutti i dati personali in conformit\u00e0 con le normative vigenti e a utilizzarli solo nella misura necessaria per lo scopo per cui sono stati raccolti, ovvero esclusivamente per contattare l\u2019utente del sito web sulla base della sua richiesta.<\/p>\n\n\n\n<p>I dati saranno trattati per il periodo necessario al raggiungimento dello scopo del trattamento, ma per un periodo massimo di 12 mesi.<\/p>\n\n\n\n<p>Per qualsiasi domanda o per esercitare i propri diritti in materia di trattamento dei dati personali, \u00e8 possibile contattare il Gestore al seguente indirizzo:<\/p>\n\n\n\n<p>NEW AGE RISKS s.r.o.<br>\u0160afa\u0159\u00edkovy sady 2774\/7<br>301 00 Plze\u0148, Repubblica Ceca<\/p>\n\n\n\n<p>\u00c8 stato nominato come Responsabile della Protezione dei Dati <strong>Miroslav Nov\u00e1k<\/strong> di NEW AGE RISKS s.r.o., che pu\u00f2 essere contattato all\u2019indirizzo <strong><a href=\"mailto:info@befreesardinia.com\">info@befreesardinia.com<\/a><\/strong>.<\/p>\n\n\n\n<p><strong>Diritti dell\u2019utente relativi al trattamento dei dati personali<\/strong><\/p>\n\n\n\n<p>L\u2019utente ha il diritto di richiedere informazioni in merito al fatto che i propri dati personali siano trattati da NEW AGE RISKS s.r.o.; allo scopo del trattamento; alle categorie di dati personali trattati da NEW AGE RISKS s.r.o.; ai destinatari dei propri dati personali; alla durata del trattamento; all\u2019eventuale trasferimento dei propri dati personali verso paesi terzi; nonch\u00e9 ai diritti che gli spettano in relazione al trattamento dei dati personali.<\/p>\n\n\n\n<p>L\u2019utente ha il diritto di richiedere, alle condizioni stabilite dalla normativa vigente, la rettifica, l\u2019integrazione o la cancellazione dei propri dati personali, oppure la limitazione del loro trattamento.<\/p>\n\n\n\n<p>L\u2019utente ha il diritto di chiedere la cancellazione dei propri dati personali qualora:<br>(i) i dati non siano pi\u00f9 necessari per le finalit\u00e0 per le quali sono stati raccolti;<br>(ii) revochi il proprio consenso al trattamento dei dati personali e contemporaneamente<br>(iii) non sussista un altro motivo legittimo per il loro trattamento;<br>inoltre, ha il diritto di richiedere la cancellazione dei dati qualora si opponga al loro trattamento per finalit\u00e0 di marketing diretto o se i dati personali siano trattati in violazione della normativa vigente.<\/p>\n\n\n\n<p>L\u2019utente ha il diritto di opporsi al trattamento dei propri dati personali (qualora essi siano trattati sulla base del legittimo interesse di NEW AGE RISKS s.r.o. che non prevale sui suoi diritti).<\/p>\n\n\n\n<p>L\u2019utente ha il diritto di richiedere gratuitamente una copia dei dati personali trattati.<\/p>\n\n\n\n<p>L\u2019utente ha il diritto di presentare un reclamo a un\u2019autorit\u00e0 di controllo \u2013 <strong>l\u2019Ufficio per la Protezione dei Dati Personali<\/strong> (<em><a href=\"http:\/\/www.uoou.cz\/\">www.uoou.cz<\/a><\/em>) \u2013 se ritiene che i propri dati personali siano trattati in violazione del Regolamento GDPR.<\/p>\n\n\n\n<p>L\u2019utente ha il diritto di essere informato in caso di violazione dei dati personali, qualora sia probabile che tale violazione comporti un rischio elevato per i suoi diritti e le sue libert\u00e0.<\/p>\n\n\n\n<p><strong>Sicurezza dei dati personali<\/strong><\/p>\n\n\n\n<p>I dati personali sono protetti dal Gestore secondo i consueti standard tecnici, che garantiscono la massima protezione possibile del trattamento dei dati contro l\u2019accesso o la trasmissione non autorizzati, contro la perdita o la distruzione, nonch\u00e9 contro eventuali usi impropri.<\/p>\n\n\n\n<p><strong>Trattamento dei cookie<\/strong><\/p>\n\n\n\n<p>Il sito web <a href=\"http:\/\/www.befreesardinia.com\/\">www.befreesardinia.com<\/a> utilizza cookie sia sulla base della necessit\u00e0 di tale trattamento per garantire la funzionalit\u00e0 del sito, e quindi in virt\u00f9 del legittimo interesse del suo gestore, sia sulla base del consenso dell\u2019utente, che pu\u00f2 essere prestato durante la prima visita e revocato in qualsiasi momento direttamente sul sito.<\/p>\n\n\n\n<p>Alcuni cookie vengono eliminati automaticamente dal computer dell\u2019utente al momento della chiusura del browser. Tuttavia, alcuni cookie permanenti restano memorizzati sul dispositivo dell\u2019utente fino alla loro eliminazione manuale o fino alla scadenza del periodo di validit\u00e0 stabilito.<\/p>\n\n\n\n<p>L\u2019utente ha sempre la possibilit\u00e0 di configurare il proprio browser in modo da accettare tutti i cookie, ricevere una notifica quando viene inviato un cookie oppure rifiutare completamente l\u2019uso dei cookie.<\/p>\n\n\n\n<p><strong>Cosa sono i cookie?<\/strong><\/p>\n\n\n\n<p>Si tratta di piccoli file composti da lettere e numeri che il server del sito web invia, tramite il browser, al dispositivo dell\u2019utente \u2013 come computer, telefono cellulare o tablet \u2013 e che vengono memorizzati sul disco rigido del dispositivo.<\/p>\n\n\n\n<p>Sebbene i cookie di norma non consentano di identificare direttamente una persona specifica, essi ci aiutano a distinguere i singoli utenti del sito web. Grazie ai cookie possiamo offrirvi un\u2019esperienza di navigazione migliore sul nostro sito e migliorare costantemente i nostri servizi.<\/p>\n\n\n\n<p>Con l\u2019aiuto dei cookie, il vostro browser ricorda, ad esempio, se avete accettato i termini d\u2019uso del nostro sito, quale versione linguistica avete scelto oppure quale indirizzo e-mail avete inserito durante la vostra ultima visita.<\/p>\n\n\n\n<p>Ogni sito web pu\u00f2 inviare i propri cookie al vostro browser, se le impostazioni del browser lo consentono. Tuttavia, per proteggere la vostra privacy, il browser permette ai siti web di accedere solo ai cookie che essi stessi hanno inviato al vostro dispositivo, e non ai cookie inviati da altri siti. Molti siti web utilizzano questa funzione ogni volta che un utente li visita, in modo da poter monitorare meglio il traffico online.<\/p>\n\n\n\n<p><strong>Cookie di terze parti<\/strong><\/p>\n\n\n\n<p>Previo il vostro consenso, utilizziamo cookie pubblicitari di terze parti che ci consentono di comprendere e migliorare l\u2019efficacia della nostra pubblicit\u00e0 sia sul nostro sito web sia su siti di terze parti. Questi cookie vengono talvolta utilizzati per la personalizzazione, il retargeting e l\u2019ottimizzazione della pubblicit\u00e0 online.<\/p>\n\n\n\n<p><strong>Google Analytics<\/strong><\/p>\n\n\n\n<p>Previo il vostro consenso, questo sito web utilizza anche <strong>Google Analytics<\/strong>, un servizio di analisi web fornito da Google Inc. Google Analytics utilizza i cookie per aiutare il sito web ad analizzare in che modo gli utenti lo utilizzano. Le informazioni generate dai cookie sull\u2019utilizzo del sito (incluso l\u2019indirizzo IP dell\u2019utente) vengono trasmesse a Google e conservate su server situati negli Stati Uniti.<\/p>\n\n\n\n<p>Google utilizzer\u00e0 queste informazioni per valutare l\u2019utilizzo del sito web, compilare report sull\u2019attivit\u00e0 del sito per i gestori del sito stesso e fornire altri servizi relativi all\u2019attivit\u00e0 del sito e all\u2019uso di Internet. Google pu\u00f2 inoltre trasferire tali informazioni a terzi, qualora ci\u00f2 sia imposto dalla legge o laddove tali terzi trattino le informazioni per conto di Google. Google non assocer\u00e0 l\u2019indirizzo IP dell\u2019utente ad altri dati in suo possesso.<\/p>\n\n\n\n<p>Poich\u00e9 la sede principale di Google si trova negli Stati Uniti, i dati in questione saranno trattati su server fisicamente localizzati al di fuori dell\u2019Unione Europea. <strong>NEW AGE RISKS s.r.o.<\/strong> garantir\u00e0 un adeguato livello di protezione dei dati personali trattati, in conformit\u00e0 al Regolamento GDPR.<\/p>\n\n\n\n<p>Ulteriori informazioni su Google Analytics e sulla protezione dei dati sono disponibili al seguente indirizzo: <a href=\"https:\/\/policies.google.com\/privacy#infocollect\">https:\/\/policies.google.com\/privacy#infocollect<\/a>.<\/p>\n\n\n\n<p><strong>Disposizioni finali<\/strong><\/p>\n\n\n\n<p>Il Gestore si riserva il diritto di modificare in qualsiasi momento i presenti Termini e Condizioni.<\/p>\n","protected":false},"excerpt":{"rendered":"<p>L\u2019accesso al sito web www.befreesardinia.com o ad alcuni dei servizi forniti dal Gestore su questo sito pu\u00f2 essere totalmente o parzialmente subordinato al conferimento di determinati dati personali dell\u2019utente, ai sensi della normativa vigente, sia con il consenso dell\u2019utente sia sulla base di un\u2019altra base giuridica. Il titolare del trattamento dei dati personali \u00e8 NEW [&hellip;]<\/p>\n","protected":false},"author":1,"featured_media":0,"parent":0,"menu_order":0,"comment_status":"closed","ping_status":"closed","template":"","meta":{"_acf_changed":false,"inline_featured_image":false,"ngg_post_thumbnail":0,"footnotes":""},"class_list":["post-111","page","type-page","status-publish","hentry"],"acf":[],"yoast_head":"<!-- This site is optimized with the Yoast SEO plugin v27.5 - https:\/\/yoast.com\/product\/yoast-seo-wordpress\/ -->\n<title>Protezione dei dati personali - BeFreeSardinia.com | IT<\/title>\n<meta name=\"robots\" content=\"index, follow, max-snippet:-1, max-image-preview:large, max-video-preview:-1\" \/>\n<link rel=\"canonical\" href=\"https:\/\/befreesardinia.com\/it\/protezione-dei-dati-personali\/\" \/>\n<meta property=\"og:locale\" content=\"it_IT\" \/>\n<meta property=\"og:type\" content=\"article\" \/>\n<meta property=\"og:title\" content=\"Protezione dei dati personali - BeFreeSardinia.com | IT\" \/>\n<meta property=\"og:description\" content=\"L\u2019accesso al sito web www.befreesardinia.com o ad alcuni dei servizi forniti dal Gestore su questo sito pu\u00f2 essere totalmente o parzialmente subordinato al conferimento di determinati dati personali dell\u2019utente, ai sensi della normativa vigente, sia con il consenso dell\u2019utente sia sulla base di un\u2019altra base giuridica. Il titolare del trattamento dei dati personali \u00e8 NEW [&hellip;]\" \/>\n<meta property=\"og:url\" content=\"https:\/\/befreesardinia.com\/it\/protezione-dei-dati-personali\/\" \/>\n<meta property=\"og:site_name\" content=\"BefreeSardinia\" \/>\n<meta property=\"article:modified_time\" content=\"2025-10-31T10:20:08+00:00\" \/>\n<meta name=\"twitter:card\" content=\"summary_large_image\" \/>\n<meta name=\"twitter:label1\" content=\"Tempo di lettura stimato\" \/>\n\t<meta name=\"twitter:data1\" content=\"7 minuti\" \/>\n<script type=\"application\/ld+json\" class=\"yoast-schema-graph\">{\"@context\":\"https:\\\/\\\/schema.org\",\"@graph\":[{\"@type\":\"WebPage\",\"@id\":\"https:\\\/\\\/befreesardinia.com\\\/it\\\/protezione-dei-dati-personali\\\/\",\"url\":\"https:\\\/\\\/befreesardinia.com\\\/it\\\/protezione-dei-dati-personali\\\/\",\"name\":\"Protezione dei dati personali - BeFreeSardinia.com | IT\",\"isPartOf\":{\"@id\":\"https:\\\/\\\/befreesardinia.com\\\/it\\\/#website\"},\"datePublished\":\"2024-03-20T10:15:00+00:00\",\"dateModified\":\"2025-10-31T10:20:08+00:00\",\"breadcrumb\":{\"@id\":\"https:\\\/\\\/befreesardinia.com\\\/it\\\/protezione-dei-dati-personali\\\/#breadcrumb\"},\"inLanguage\":\"it-IT\",\"potentialAction\":[{\"@type\":\"ReadAction\",\"target\":[\"https:\\\/\\\/befreesardinia.com\\\/it\\\/protezione-dei-dati-personali\\\/\"]}]},{\"@type\":\"BreadcrumbList\",\"@id\":\"https:\\\/\\\/befreesardinia.com\\\/it\\\/protezione-dei-dati-personali\\\/#breadcrumb\",\"itemListElement\":[{\"@type\":\"ListItem\",\"position\":1,\"name\":\"Dom\u016f\",\"item\":\"https:\\\/\\\/befreesardinia.com\\\/it\\\/\"},{\"@type\":\"ListItem\",\"position\":2,\"name\":\"Protezione dei dati personali\"}]},{\"@type\":\"WebSite\",\"@id\":\"https:\\\/\\\/befreesardinia.com\\\/it\\\/#website\",\"url\":\"https:\\\/\\\/befreesardinia.com\\\/it\\\/\",\"name\":\"BeFreeSardinia.com | CZ\",\"description\":\"\",\"publisher\":{\"@id\":\"https:\\\/\\\/befreesardinia.com\\\/it\\\/#organization\"},\"potentialAction\":[{\"@type\":\"SearchAction\",\"target\":{\"@type\":\"EntryPoint\",\"urlTemplate\":\"https:\\\/\\\/befreesardinia.com\\\/it\\\/?s={search_term_string}\"},\"query-input\":{\"@type\":\"PropertyValueSpecification\",\"valueRequired\":true,\"valueName\":\"search_term_string\"}}],\"inLanguage\":\"it-IT\"},{\"@type\":\"Organization\",\"@id\":\"https:\\\/\\\/befreesardinia.com\\\/it\\\/#organization\",\"name\":\"BeFreeSardinia.com | CZ\",\"url\":\"https:\\\/\\\/befreesardinia.com\\\/it\\\/\",\"logo\":{\"@type\":\"ImageObject\",\"inLanguage\":\"it-IT\",\"@id\":\"https:\\\/\\\/befreesardinia.com\\\/it\\\/#\\\/schema\\\/logo\\\/image\\\/\",\"url\":\"https:\\\/\\\/befreesardinia.com\\\/it\\\/wp-content\\\/uploads\\\/sites\\\/4\\\/2025\\\/10\\\/logo_footer.png\",\"contentUrl\":\"https:\\\/\\\/befreesardinia.com\\\/it\\\/wp-content\\\/uploads\\\/sites\\\/4\\\/2025\\\/10\\\/logo_footer.png\",\"width\":94,\"height\":94,\"caption\":\"BeFreeSardinia.com | CZ\"},\"image\":{\"@id\":\"https:\\\/\\\/befreesardinia.com\\\/it\\\/#\\\/schema\\\/logo\\\/image\\\/\"}}]}<\/script>\n<!-- \/ Yoast SEO plugin. -->","yoast_head_json":{"title":"Protezione dei dati personali - BeFreeSardinia.com | IT","robots":{"index":"index","follow":"follow","max-snippet":"max-snippet:-1","max-image-preview":"max-image-preview:large","max-video-preview":"max-video-preview:-1"},"canonical":"https:\/\/befreesardinia.com\/it\/protezione-dei-dati-personali\/","og_locale":"it_IT","og_type":"article","og_title":"Protezione dei dati personali - BeFreeSardinia.com | IT","og_description":"L\u2019accesso al sito web www.befreesardinia.com o ad alcuni dei servizi forniti dal Gestore su questo sito pu\u00f2 essere totalmente o parzialmente subordinato al conferimento di determinati dati personali dell\u2019utente, ai sensi della normativa vigente, sia con il consenso dell\u2019utente sia sulla base di un\u2019altra base giuridica. Il titolare del trattamento dei dati personali \u00e8 NEW [&hellip;]","og_url":"https:\/\/befreesardinia.com\/it\/protezione-dei-dati-personali\/","og_site_name":"BefreeSardinia","article_modified_time":"2025-10-31T10:20:08+00:00","twitter_card":"summary_large_image","twitter_misc":{"Tempo di lettura stimato":"7 minuti"},"schema":{"@context":"https:\/\/schema.org","@graph":[{"@type":"WebPage","@id":"https:\/\/befreesardinia.com\/it\/protezione-dei-dati-personali\/","url":"https:\/\/befreesardinia.com\/it\/protezione-dei-dati-personali\/","name":"Protezione dei dati personali - BeFreeSardinia.com | IT","isPartOf":{"@id":"https:\/\/befreesardinia.com\/it\/#website"},"datePublished":"2024-03-20T10:15:00+00:00","dateModified":"2025-10-31T10:20:08+00:00","breadcrumb":{"@id":"https:\/\/befreesardinia.com\/it\/protezione-dei-dati-personali\/#breadcrumb"},"inLanguage":"it-IT","potentialAction":[{"@type":"ReadAction","target":["https:\/\/befreesardinia.com\/it\/protezione-dei-dati-personali\/"]}]},{"@type":"BreadcrumbList","@id":"https:\/\/befreesardinia.com\/it\/protezione-dei-dati-personali\/#breadcrumb","itemListElement":[{"@type":"ListItem","position":1,"name":"Dom\u016f","item":"https:\/\/befreesardinia.com\/it\/"},{"@type":"ListItem","position":2,"name":"Protezione dei dati personali"}]},{"@type":"WebSite","@id":"https:\/\/befreesardinia.com\/it\/#website","url":"https:\/\/befreesardinia.com\/it\/","name":"BeFreeSardinia.com | CZ","description":"","publisher":{"@id":"https:\/\/befreesardinia.com\/it\/#organization"},"potentialAction":[{"@type":"SearchAction","target":{"@type":"EntryPoint","urlTemplate":"https:\/\/befreesardinia.com\/it\/?s={search_term_string}"},"query-input":{"@type":"PropertyValueSpecification","valueRequired":true,"valueName":"search_term_string"}}],"inLanguage":"it-IT"},{"@type":"Organization","@id":"https:\/\/befreesardinia.com\/it\/#organization","name":"BeFreeSardinia.com | CZ","url":"https:\/\/befreesardinia.com\/it\/","logo":{"@type":"ImageObject","inLanguage":"it-IT","@id":"https:\/\/befreesardinia.com\/it\/#\/schema\/logo\/image\/","url":"https:\/\/befreesardinia.com\/it\/wp-content\/uploads\/sites\/4\/2025\/10\/logo_footer.png","contentUrl":"https:\/\/befreesardinia.com\/it\/wp-content\/uploads\/sites\/4\/2025\/10\/logo_footer.png","width":94,"height":94,"caption":"BeFreeSardinia.com | CZ"},"image":{"@id":"https:\/\/befreesardinia.com\/it\/#\/schema\/logo\/image\/"}}]}},"_links":{"self":[{"href":"https:\/\/befreesardinia.com\/it\/wp-json\/wp\/v2\/pages\/111","targetHints":{"allow":["GET"]}}],"collection":[{"href":"https:\/\/befreesardinia.com\/it\/wp-json\/wp\/v2\/pages"}],"about":[{"href":"https:\/\/befreesardinia.com\/it\/wp-json\/wp\/v2\/types\/page"}],"author":[{"embeddable":true,"href":"https:\/\/befreesardinia.com\/it\/wp-json\/wp\/v2\/users\/1"}],"replies":[{"embeddable":true,"href":"https:\/\/befreesardinia.com\/it\/wp-json\/wp\/v2\/comments?post=111"}],"version-history":[{"count":1,"href":"https:\/\/befreesardinia.com\/it\/wp-json\/wp\/v2\/pages\/111\/revisions"}],"predecessor-version":[{"id":341,"href":"https:\/\/befreesardinia.com\/it\/wp-json\/wp\/v2\/pages\/111\/revisions\/341"}],"wp:attachment":[{"href":"https:\/\/befreesardinia.com\/it\/wp-json\/wp\/v2\/media?parent=111"}],"curies":[{"name":"wp","href":"https:\/\/api.w.org\/{rel}","templated":true}]}}