{"id":21,"date":"2024-01-02T09:52:30","date_gmt":"2024-01-02T09:52:30","guid":{"rendered":"https:\/\/apartmany.mdworks-dev.cz\/?page_id=21"},"modified":"2025-10-31T10:49:10","modified_gmt":"2025-10-31T09:49:10","slug":"chi-siamo","status":"publish","type":"page","link":"https:\/\/befreesardinia.com\/it\/chi-siamo\/","title":{"rendered":"Chi siamo"},"content":{"rendered":"\n<h2 class=\"wp-block-heading\">PERCH\u00c9 LA SARDEGNA?<\/h2>\n\n\n\n<p>La Sardegna \u00e8 selvaggia, fiera, autentica, gentile, calda, colorata, deliziosa e profumata. Per noi \u00e8 stato amore a prima vista \u2013 <em>\u201cAmore a prima vista\u201d<\/em>.<\/p>\n\n\n\n<p>Un mare cristallino, lunghe spiagge sabbiose, maestose catene montuose, scogliere, vie ferrate, splendide citt\u00e0 antiche che respirano storia, e una gastronomia straordinaria, sia in montagna che al mare.<\/p>\n\n\n\n<p>Questa \u00e8 la Sardegna di cui ci siamo innamorati, e proprio per questo desideriamo condividere con voi il nostro entusiasmo per quest\u2019isola unica e per le meravigliose esperienze che ha da offrire.<\/p>\n\n\n\n<p><strong>VIENI DA NOI A SCOPRIRE LA VERA SARDEGNA!<\/strong><\/p>\n","protected":false},"excerpt":{"rendered":"<p>PERCH\u00c9 LA SARDEGNA? La Sardegna \u00e8 selvaggia, fiera, autentica, gentile, calda, colorata, deliziosa e profumata. Per noi \u00e8 stato amore a prima vista \u2013 \u201cAmore a prima vista\u201d. Un mare cristallino, lunghe spiagge sabbiose, maestose catene montuose, scogliere, vie ferrate, splendide citt\u00e0 antiche che respirano storia, e una gastronomia straordinaria, sia in montagna che al [&hellip;]<\/p>\n","protected":false},"author":1,"featured_media":123,"parent":0,"menu_order":0,"comment_status":"closed","ping_status":"closed","template":"parts\/about-page.php","meta":{"_acf_changed":false,"inline_featured_image":false,"ngg_post_thumbnail":0,"footnotes":""},"class_list":["post-21","page","type-page","status-publish","has-post-thumbnail","hentry"],"acf":[],"yoast_head":"<!-- This site is optimized with the Yoast SEO plugin v27.5 - https:\/\/yoast.com\/product\/yoast-seo-wordpress\/ -->\n<title>Chi siamo - BeFreeSardinia.com | IT<\/title>\n<meta name=\"robots\" content=\"index, follow, max-snippet:-1, max-image-preview:large, max-video-preview:-1\" \/>\n<link rel=\"canonical\" href=\"https:\/\/befreesardinia.com\/it\/chi-siamo\/\" \/>\n<meta property=\"og:locale\" content=\"it_IT\" \/>\n<meta property=\"og:type\" content=\"article\" \/>\n<meta property=\"og:title\" content=\"Chi siamo - BeFreeSardinia.com | IT\" \/>\n<meta property=\"og:description\" content=\"PERCH\u00c9 LA SARDEGNA? La Sardegna \u00e8 selvaggia, fiera, autentica, gentile, calda, colorata, deliziosa e profumata. Per noi \u00e8 stato amore a prima vista \u2013 \u201cAmore a prima vista\u201d. Un mare cristallino, lunghe spiagge sabbiose, maestose catene montuose, scogliere, vie ferrate, splendide citt\u00e0 antiche che respirano storia, e una gastronomia straordinaria, sia in montagna che al [&hellip;]\" \/>\n<meta property=\"og:url\" content=\"https:\/\/befreesardinia.com\/it\/chi-siamo\/\" \/>\n<meta property=\"og:site_name\" content=\"BefreeSardinia\" \/>\n<meta property=\"article:modified_time\" content=\"2025-10-31T09:49:10+00:00\" \/>\n<meta property=\"og:image\" content=\"https:\/\/befreesardinia.com\/it\/wp-content\/uploads\/sites\/4\/2024\/03\/hero.jpg\" \/>\n\t<meta property=\"og:image:width\" content=\"1608\" \/>\n\t<meta property=\"og:image:height\" content=\"566\" \/>\n\t<meta property=\"og:image:type\" content=\"image\/jpeg\" \/>\n<meta name=\"twitter:card\" content=\"summary_large_image\" \/>\n<meta name=\"twitter:label1\" content=\"Tempo di lettura stimato\" \/>\n\t<meta name=\"twitter:data1\" content=\"1 minuto\" \/>\n<script type=\"application\/ld+json\" class=\"yoast-schema-graph\">{\"@context\":\"https:\\\/\\\/schema.org\",\"@graph\":[{\"@type\":\"WebPage\",\"@id\":\"https:\\\/\\\/befreesardinia.com\\\/it\\\/chi-siamo\\\/\",\"url\":\"https:\\\/\\\/befreesardinia.com\\\/it\\\/chi-siamo\\\/\",\"name\":\"Chi siamo - BeFreeSardinia.com | IT\",\"isPartOf\":{\"@id\":\"https:\\\/\\\/befreesardinia.com\\\/it\\\/#website\"},\"primaryImageOfPage\":{\"@id\":\"https:\\\/\\\/befreesardinia.com\\\/it\\\/chi-siamo\\\/#primaryimage\"},\"image\":{\"@id\":\"https:\\\/\\\/befreesardinia.com\\\/it\\\/chi-siamo\\\/#primaryimage\"},\"thumbnailUrl\":\"https:\\\/\\\/befreesardinia.com\\\/it\\\/wp-content\\\/uploads\\\/sites\\\/4\\\/2024\\\/03\\\/hero.jpg\",\"datePublished\":\"2024-01-02T09:52:30+00:00\",\"dateModified\":\"2025-10-31T09:49:10+00:00\",\"breadcrumb\":{\"@id\":\"https:\\\/\\\/befreesardinia.com\\\/it\\\/chi-siamo\\\/#breadcrumb\"},\"inLanguage\":\"it-IT\",\"potentialAction\":[{\"@type\":\"ReadAction\",\"target\":[\"https:\\\/\\\/befreesardinia.com\\\/it\\\/chi-siamo\\\/\"]}]},{\"@type\":\"ImageObject\",\"inLanguage\":\"it-IT\",\"@id\":\"https:\\\/\\\/befreesardinia.com\\\/it\\\/chi-siamo\\\/#primaryimage\",\"url\":\"https:\\\/\\\/befreesardinia.com\\\/it\\\/wp-content\\\/uploads\\\/sites\\\/4\\\/2024\\\/03\\\/hero.jpg\",\"contentUrl\":\"https:\\\/\\\/befreesardinia.com\\\/it\\\/wp-content\\\/uploads\\\/sites\\\/4\\\/2024\\\/03\\\/hero.jpg\",\"width\":1608,\"height\":566},{\"@type\":\"BreadcrumbList\",\"@id\":\"https:\\\/\\\/befreesardinia.com\\\/it\\\/chi-siamo\\\/#breadcrumb\",\"itemListElement\":[{\"@type\":\"ListItem\",\"position\":1,\"name\":\"Dom\u016f\",\"item\":\"https:\\\/\\\/befreesardinia.com\\\/it\\\/\"},{\"@type\":\"ListItem\",\"position\":2,\"name\":\"Chi siamo\"}]},{\"@type\":\"WebSite\",\"@id\":\"https:\\\/\\\/befreesardinia.com\\\/it\\\/#website\",\"url\":\"https:\\\/\\\/befreesardinia.com\\\/it\\\/\",\"name\":\"BeFreeSardinia.com | CZ\",\"description\":\"\",\"publisher\":{\"@id\":\"https:\\\/\\\/befreesardinia.com\\\/it\\\/#organization\"},\"potentialAction\":[{\"@type\":\"SearchAction\",\"target\":{\"@type\":\"EntryPoint\",\"urlTemplate\":\"https:\\\/\\\/befreesardinia.com\\\/it\\\/?s={search_term_string}\"},\"query-input\":{\"@type\":\"PropertyValueSpecification\",\"valueRequired\":true,\"valueName\":\"search_term_string\"}}],\"inLanguage\":\"it-IT\"},{\"@type\":\"Organization\",\"@id\":\"https:\\\/\\\/befreesardinia.com\\\/it\\\/#organization\",\"name\":\"BeFreeSardinia.com | CZ\",\"url\":\"https:\\\/\\\/befreesardinia.com\\\/it\\\/\",\"logo\":{\"@type\":\"ImageObject\",\"inLanguage\":\"it-IT\",\"@id\":\"https:\\\/\\\/befreesardinia.com\\\/it\\\/#\\\/schema\\\/logo\\\/image\\\/\",\"url\":\"https:\\\/\\\/befreesardinia.com\\\/it\\\/wp-content\\\/uploads\\\/sites\\\/4\\\/2025\\\/10\\\/logo_footer.png\",\"contentUrl\":\"https:\\\/\\\/befreesardinia.com\\\/it\\\/wp-content\\\/uploads\\\/sites\\\/4\\\/2025\\\/10\\\/logo_footer.png\",\"width\":94,\"height\":94,\"caption\":\"BeFreeSardinia.com | CZ\"},\"image\":{\"@id\":\"https:\\\/\\\/befreesardinia.com\\\/it\\\/#\\\/schema\\\/logo\\\/image\\\/\"}}]}<\/script>\n<!-- \/ Yoast SEO plugin. -->","yoast_head_json":{"title":"Chi siamo - BeFreeSardinia.com | IT","robots":{"index":"index","follow":"follow","max-snippet":"max-snippet:-1","max-image-preview":"max-image-preview:large","max-video-preview":"max-video-preview:-1"},"canonical":"https:\/\/befreesardinia.com\/it\/chi-siamo\/","og_locale":"it_IT","og_type":"article","og_title":"Chi siamo - BeFreeSardinia.com | IT","og_description":"PERCH\u00c9 LA SARDEGNA? La Sardegna \u00e8 selvaggia, fiera, autentica, gentile, calda, colorata, deliziosa e profumata. Per noi \u00e8 stato amore a prima vista \u2013 \u201cAmore a prima vista\u201d. Un mare cristallino, lunghe spiagge sabbiose, maestose catene montuose, scogliere, vie ferrate, splendide citt\u00e0 antiche che respirano storia, e una gastronomia straordinaria, sia in montagna che al [&hellip;]","og_url":"https:\/\/befreesardinia.com\/it\/chi-siamo\/","og_site_name":"BefreeSardinia","article_modified_time":"2025-10-31T09:49:10+00:00","og_image":[{"width":1608,"height":566,"url":"https:\/\/befreesardinia.com\/it\/wp-content\/uploads\/sites\/4\/2024\/03\/hero.jpg","type":"image\/jpeg"}],"twitter_card":"summary_large_image","twitter_misc":{"Tempo di lettura stimato":"1 minuto"},"schema":{"@context":"https:\/\/schema.org","@graph":[{"@type":"WebPage","@id":"https:\/\/befreesardinia.com\/it\/chi-siamo\/","url":"https:\/\/befreesardinia.com\/it\/chi-siamo\/","name":"Chi siamo - BeFreeSardinia.com | IT","isPartOf":{"@id":"https:\/\/befreesardinia.com\/it\/#website"},"primaryImageOfPage":{"@id":"https:\/\/befreesardinia.com\/it\/chi-siamo\/#primaryimage"},"image":{"@id":"https:\/\/befreesardinia.com\/it\/chi-siamo\/#primaryimage"},"thumbnailUrl":"https:\/\/befreesardinia.com\/it\/wp-content\/uploads\/sites\/4\/2024\/03\/hero.jpg","datePublished":"2024-01-02T09:52:30+00:00","dateModified":"2025-10-31T09:49:10+00:00","breadcrumb":{"@id":"https:\/\/befreesardinia.com\/it\/chi-siamo\/#breadcrumb"},"inLanguage":"it-IT","potentialAction":[{"@type":"ReadAction","target":["https:\/\/befreesardinia.com\/it\/chi-siamo\/"]}]},{"@type":"ImageObject","inLanguage":"it-IT","@id":"https:\/\/befreesardinia.com\/it\/chi-siamo\/#primaryimage","url":"https:\/\/befreesardinia.com\/it\/wp-content\/uploads\/sites\/4\/2024\/03\/hero.jpg","contentUrl":"https:\/\/befreesardinia.com\/it\/wp-content\/uploads\/sites\/4\/2024\/03\/hero.jpg","width":1608,"height":566},{"@type":"BreadcrumbList","@id":"https:\/\/befreesardinia.com\/it\/chi-siamo\/#breadcrumb","itemListElement":[{"@type":"ListItem","position":1,"name":"Dom\u016f","item":"https:\/\/befreesardinia.com\/it\/"},{"@type":"ListItem","position":2,"name":"Chi siamo"}]},{"@type":"WebSite","@id":"https:\/\/befreesardinia.com\/it\/#website","url":"https:\/\/befreesardinia.com\/it\/","name":"BeFreeSardinia.com | CZ","description":"","publisher":{"@id":"https:\/\/befreesardinia.com\/it\/#organization"},"potentialAction":[{"@type":"SearchAction","target":{"@type":"EntryPoint","urlTemplate":"https:\/\/befreesardinia.com\/it\/?s={search_term_string}"},"query-input":{"@type":"PropertyValueSpecification","valueRequired":true,"valueName":"search_term_string"}}],"inLanguage":"it-IT"},{"@type":"Organization","@id":"https:\/\/befreesardinia.com\/it\/#organization","name":"BeFreeSardinia.com | CZ","url":"https:\/\/befreesardinia.com\/it\/","logo":{"@type":"ImageObject","inLanguage":"it-IT","@id":"https:\/\/befreesardinia.com\/it\/#\/schema\/logo\/image\/","url":"https:\/\/befreesardinia.com\/it\/wp-content\/uploads\/sites\/4\/2025\/10\/logo_footer.png","contentUrl":"https:\/\/befreesardinia.com\/it\/wp-content\/uploads\/sites\/4\/2025\/10\/logo_footer.png","width":94,"height":94,"caption":"BeFreeSardinia.com | CZ"},"image":{"@id":"https:\/\/befreesardinia.com\/it\/#\/schema\/logo\/image\/"}}]}},"_links":{"self":[{"href":"https:\/\/befreesardinia.com\/it\/wp-json\/wp\/v2\/pages\/21","targetHints":{"allow":["GET"]}}],"collection":[{"href":"https:\/\/befreesardinia.com\/it\/wp-json\/wp\/v2\/pages"}],"about":[{"href":"https:\/\/befreesardinia.com\/it\/wp-json\/wp\/v2\/types\/page"}],"author":[{"embeddable":true,"href":"https:\/\/befreesardinia.com\/it\/wp-json\/wp\/v2\/users\/1"}],"replies":[{"embeddable":true,"href":"https:\/\/befreesardinia.com\/it\/wp-json\/wp\/v2\/comments?post=21"}],"version-history":[{"count":1,"href":"https:\/\/befreesardinia.com\/it\/wp-json\/wp\/v2\/pages\/21\/revisions"}],"predecessor-version":[{"id":326,"href":"https:\/\/befreesardinia.com\/it\/wp-json\/wp\/v2\/pages\/21\/revisions\/326"}],"wp:featuredmedia":[{"embeddable":true,"href":"https:\/\/befreesardinia.com\/it\/wp-json\/wp\/v2\/media\/123"}],"wp:attachment":[{"href":"https:\/\/befreesardinia.com\/it\/wp-json\/wp\/v2\/media?parent=21"}],"curies":[{"name":"wp","href":"https:\/\/api.w.org\/{rel}","templated":true}]}}